{"id":1389,"date":"2022-11-13T14:04:45","date_gmt":"2022-11-13T14:04:45","guid":{"rendered":"https:\/\/giger-koepke.de\/?page_id=1389"},"modified":"2022-12-19T20:39:46","modified_gmt":"2022-12-19T20:39:46","slug":"datenschutzerklaerung","status":"publish","type":"page","link":"https:\/\/giger-koepke.de\/?page_id=1389","title":{"rendered":"DATENSCHUTZERKL\u00c4RUNG"},"content":{"rendered":"\n<p><\/p>\n\n\n\n<p><\/p>\n\n\n\n<div style=\"margin-top:var(--wp--preset--spacing--50);margin-bottom:var(--wp--preset--spacing--50);height:100px\" aria-hidden=\"true\" class=\"wp-block-spacer\"><\/div>\n\n\n\n<div class=\"wp-block-uagb-container uagb-block-0f29b9b9 default uagb-is-root-container\">\n<div class=\"wp-block-uagb-container uagb-block-c731de84\">\n<p class=\"has-text-align-center has-ast-global-color-6-color has-text-color has-x-large-font-size\"><strong>Datenschutzerkl\u00e4rung<\/strong><\/p>\n\n\n\n<p class=\"has-ast-global-color-6-color has-text-color\">Wir nehmen den Schutz Ihrer pers\u00f6nlichen Daten sehr ernst. Wir behandeln Ihre personenbezogenen Daten vertraulich und entsprechend der gesetzlichen Datenschutzvorschriften sowie dieser Datenschutzerkl\u00e4rung. Die Nutzung unserer Webseite ist in der Regel ohne Angabe personenbezogener Daten m\u00f6glich. Soweit auf unseren Seiten personenbezogene Daten (beispielsweise Name, Anschrift oder E-Mail-Adressen) erhoben werden, erfolgt dies, soweit m\u00f6glich, stets auf freiwilliger Basis. Diese Daten werden ohne Ihre ausdr\u00fcckliche Zustimmung nicht an Dritte weitergegeben. Wir weisen darauf hin, dass die Daten\u00fcbertragung im Internet (z.B. bei der Kommunikation per E-Mail) Sicherheitsl\u00fccken aufweisen kann. Ein l\u00fcckenloser Schutz der Daten vor dem Zugriff durch Dritte ist nicht m\u00f6glich. IP-Adressen werden automatisch beim Besuch einer Webseite an den Server, wo die Webseite betrieben wird, \u00fcbertragen. Eine Weitergabe dieser IP-Adressen an Dritte geschieht immer dann zwangsl\u00e4ufig, wenn eine Komponente Dritter (ein Script, ein Bild, eine Schriftart, eine sonstige digitale Ressource) auf der Webseite eingebunden ist. Welche Komponenten auf dieser Webseite eingebunden sind, ist in dieser Datenschutzerkl\u00e4rung aufgef\u00fchrt. Daraus k\u00f6nnen auch die Empf\u00e4nger Ihrer IP-Adresse bzw. Kategorien von Empf\u00e4ngern abgeleitet werden.<\/p>\n\n\n\n<p class=\"has-ast-global-color-6-color has-text-color\">Folgendes gilt mit Ausnahme von IP-Adressen, die zwangsl\u00e4ufig \u00fcbertragen werden, wenn eine Ressource (Datei) von einem Server Dritter abgerufen wird: Ihre personenbezogenen Daten werden nur an Dritte \u00fcbermittelt, sofern diese im Rahmen einer gesetzlichen Verpflichtung notwendig ist, wie etwa aufgrund einer gerichtlichen Verf\u00fcgung an die entsprechende Strafverfolgungsbeh\u00f6rde. Wir beschr\u00e4nken den Umfang der \u00fcbermittelten Daten in den F\u00e4llen der \u00dcbermittlung Ihrer personenbezogenen Daten an Dritte nach Vorgabe der datenschutzrechtlichen Grunds\u00e4tze auf das erforderliche Minimum.<\/p>\n\n\n\n<p class=\"has-ast-global-color-6-color has-text-color\"><strong>Server-Log- Files<\/strong><\/p>\n\n\n\n<p class=\"has-ast-global-color-6-color has-text-color\">Der Provider der Seiten erhebt und speichert 7 Tage automatisch Informationen in so genannten Server-Log Files, die Ihr Browser automatisch an uns \u00fcbermittelt. Dies sind: \u2013 Browsertyp und Browserversion \u2013 verwendetes Betriebssystem \u2013 Referrer URL \u2013 Hostname des zugreifenden Rechners \u2013 Uhrzeit der Serveranfrage Diese Daten sind nicht bestimmten Personen zuordenbar. Eine Zusammenf\u00fchrung dieser Daten mit anderen Datenquellen wird nicht vorgenommen. Wir behalten uns vor, diese Daten nachtr\u00e4glich zu pr\u00fcfen, wenn uns konkrete Anhaltspunkte f\u00fcr eine rechtswidrige Nutzung bekannt werden.<\/p>\n\n\n\n<p class=\"has-ast-global-color-6-color has-text-color\">Rechtsgrundlage f\u00fcr diese Datenverarbeitung ist Art. 6 Abs. 1 lit. f) DSGVO. Unser \u201eInteresse\u201c i.S.d. Art. 6 Abs. 1 lit. f) ist der Betrieb dieser Internetseite die Umsetzung der Schutzziele der Vertraulichkeit, Integrit\u00e4t und Verf\u00fcgbarkeit der Daten.<\/p>\n\n\n\n<p class=\"has-ast-global-color-6-color has-text-color\"><strong>Cookies<\/strong><\/p>\n\n\n\n<p class=\"has-ast-global-color-6-color has-text-color\">Unsere Internetseite verwendet Cookies. Ein Cookie ist eine Textdatei, die beim Besuch einer Internetseite verschickt und auf der Festplatte des Nutzers der Website zwischengespeichert wird. Wird der entsprechende Server unserer Webseite erneut vom Nutzer der Website aufgerufen, sendet der Browser des Nutzers der Website den zuvor empfangenen Cookie wieder zur\u00fcck an den Server. Der Server kann dann die durch diese Prozedur erhaltenen Informationen auf verschiedene Arten auswerten. Durch Cookies k\u00f6nnen z. B. Werbeeinblendungen gesteuert oder das Navigieren auf einer Internetseite erleichtert werden. Wenn der Nutzer der Website die Nutzung von Cookies unterbinden will, kann er dies durch lokale Vornahme der \u00c4nderungen seiner Einstellungen in dem auf seinem Computer verwendeten Internetbrowser, also dem Programm zum \u00d6ffnen und Anzeigen von Internetseiten (z.B. Internet Explorer, Mozilla Firefox, Opera oder Safari) tun. Bei der Deaktivierung von Cookies kann die Funktionalit\u00e4t dieser Website eingeschr\u00e4nkt sein.<\/p>\n\n\n\n<p class=\"has-ast-global-color-6-color has-text-color\">Rechtsgrundlage f\u00fcr diese Datenverarbeitung ist Art. 6 Abs. 1 lit. f) DSGVO in Verbindung mit \u00a7 15 TMG. Unser \u201eInteresse\u201c i.S.d. Art. 6 Abs. 1 lit. f) ist der Betrieb dieser Internetseiten.<\/p>\n\n\n\n<p class=\"has-ast-global-color-6-color has-text-color\"><strong>E-Mails<\/strong><\/p>\n\n\n\n<p class=\"has-ast-global-color-6-color has-text-color\">Wenn Sie uns per E-Mail eine Nachricht senden, teilen Sie uns die damit gesendeten Daten freiwillig mit. Wir speichern diese Daten nur, insoweit dies zur Beantwortung Ihrer Nachricht notwendig ist, und zeitlich begrenzt f\u00fcr den Fall von Anschlussfragen. Diese Daten geben wir nicht ohne Ihre Einwilligung weiter.<\/p>\n\n\n\n<p class=\"has-ast-global-color-6-color has-text-color\">Rechtsgrundlage f\u00fcr diese Datenverarbeitung ist Art. 6 Abs. 1 lit. f) DSGVO. Unser \u201eInteresse\u201c i.S.d. Art. 6 Abs. 1 lit. f) ist die Kommunikation mit Kunden und Interessenten.<\/p>\n\n\n\n<p class=\"has-ast-global-color-6-color has-text-color\"><strong>Sicherheitshinweis<\/strong><\/p>\n\n\n\n<p class=\"has-ast-global-color-6-color has-text-color\">Wir sichern unsere Webseite und sonstige IT-Systeme durch geeignete technische und organisatorische Ma\u00dfnahmen gegen Verlust, Zerst\u00f6rung, unberechtigten Zugriff, unberechtigte Ver\u00e4nderung oder unberechtigte Verbreitung Ihrer Daten ab. Ein vollst\u00e4ndiger Schutz gegen alle Gefahren ist praktisch trotz aller Sorgfalt jedoch nicht in jedem Fall m\u00f6glich. Weil bei der Kommunikation per E-Mail die vollst\u00e4ndige Datensicherheit von uns nicht gew\u00e4hrleistet werden kann, empfehlen wir zur \u00dcbermittlung von vertraulichen Informationen den Postweg.<\/p>\n\n\n\n<p class=\"has-ast-global-color-6-color has-text-color\"><strong>Links zu anderen Webseiten<\/strong><\/p>\n\n\n\n<p class=\"has-ast-global-color-6-color has-text-color\">Unsere Website\/App kann von Zeit zu Zeit Links zu Websites Dritter oder zu anderen Websites von uns selbst enthalten. Wenn Sie einem Link zu einer dieser Websites folgen, weisen wir Sie darauf hin, dass diese Websites ihre eigenen Datenschutzrichtlinien haben und dass wir f\u00fcr diese Richtlinien keine Verantwortung oder Haftung \u00fcbernehmen. Wir empfehlen diese zu \u00fcberpr\u00fcfen.<\/p>\n\n\n\n<p class=\"has-ast-global-color-6-color has-text-color\"><strong>Auskunft, L\u00f6schung, Sperrung<\/strong><\/p>\n\n\n\n<p class=\"has-ast-global-color-6-color has-text-color\">Sie haben jederzeit das Recht auf unentgeltliche Auskunft \u00fcber Ihre gespeicherten personenbezogenen Daten, deren Herkunft und Empf\u00e4nger und den Zweck der Datenverarbeitung sowie ein Recht auf Berichtigung, Sperrung oder L\u00f6schung dieser Daten. Hierzu sowie zu weiteren Fragen zum Thema personenbezogene Daten k\u00f6nnen Sie sich jederzeit unter der im Impressum angegebenen Adresse an uns wenden.<\/p>\n\n\n\n<p class=\"has-ast-global-color-6-color has-text-color\">Recht auf Daten\u00fcbertragbarkeit Sie haben das Recht die Sie betreffenden personenbezogenen Daten, die Sie uns bereitgestellt haben, in einem strukturierten, g\u00e4ngigen und maschinenlesbaren Format zu erhalten.<\/p>\n\n\n\n<p class=\"has-ast-global-color-6-color has-text-color\"><strong>Kontaktformular<\/strong><\/p>\n\n\n\n<p class=\"has-ast-global-color-6-color has-text-color\">Wenn Sie uns per Kontaktformular Anfragen zukommen lassen, werden Ihre Angaben aus dem Anfrageformular inklusive der von Ihnen dort angegebenen Kontaktdaten zwecks Bearbeitung der Anfrage und f\u00fcr den Fall von Anschlussfragen bei uns gespeichert. Diese Daten geben wir nicht ohne Ihre Einwilligung weiter. Rechtsgrundlage f\u00fcr diese Datenverarbeitung ist Art. 6 Abs. 1 lit. f) DSGVO. Unser \u201eInteresse\u201c i.S.d. Art. 6 Abs. 1 lit. f) ist die Kommunikation mit Kunden und Interessenten.<\/p>\n\n\n\n<p class=\"has-ast-global-color-6-color has-text-color\">\u00c4nderungen dieser Datenschutzerkl\u00e4rung Wir behalten uns vor, diese Datenschutzerkl\u00e4rung zu \u00e4ndern, wenn sich die Rechtslage oder dieses Online-Angebot oder die Art der Datenerfassung \u00e4ndert. Dies gilt jedoch nur bez\u00fcglich Erkl\u00e4rungen zur Datenverarbeitung. Sofern eine Einwilligung des Nutzers notwendig ist oder Bestandteile der Datenschutzerkl\u00e4rung eine Regelung des Vertragsverh\u00e4ltnisses mit Nutzern enthalten, erfolgt die \u00c4nderung der Datenschutzerkl\u00e4rung nur nach Zustimmung des Nutzers.<\/p>\n\n\n\n<p class=\"has-ast-global-color-6-color has-text-color\">Bitte informieren Sie sich daher bei Bedarf \u00fcber diese Datenschutzerkl\u00e4rung, insbesondere, wenn Sie personenbezogene Daten mitteilen.<\/p>\n\n\n\n<p class=\"has-ast-global-color-6-color has-text-color\">Recht auf Beschwerde bei einer Aufsichtsbeh\u00f6rde Jede betroffene Person hat unbeschadet eines anderweitigen verwaltungsrechtlichen oder gerichtlichen Rechtsbehelfs das Recht auf Beschwerde bei einer Aufsichtsbeh\u00f6rde, insbesondere in dem Mitgliedstaat ihres Aufenthaltsorts, ihres Arbeitsplatzes oder des Orts des mutma\u00dflichen Versto\u00dfes, wenn die betroffene Person der Ansicht ist, dass die Verarbeitung der sie betreffenden personenbezogenen Daten gegen die Datenschutzgrundverordnung der EU (DSGVO) verst\u00f6\u00dft.<\/p>\n\n\n\n<p class=\"has-ast-global-color-6-color has-text-color\"><strong>Widerrufsrecht<\/strong><\/p>\n\n\n\n<p class=\"has-ast-global-color-6-color has-text-color\">Sie haben jederzeit die M\u00f6glichkeit, der Erhebung, Verarbeitung und Nutzung Ihre Daten zu widersprechen und\/oder Ihre Einwilligung zur Erhebung, Verarbeitung und Weitergabe Ihrer personenbezogenen Daten uns gegen\u00fcber<br>mit Wirkung f\u00fcr die Zukunft zu widerrufen. Daten f\u00fcr Abrechnungs- und buchhalterische Zwecke sind hiervon nicht ber\u00fchrt. Hierzu sowie zu weiteren Fragen zum Thema Widerrufsrecht k\u00f6nnen Sie sich jederzeit unter der im Impressum angegebenen Adresse an uns wenden.<\/p>\n\n\n\n<p class=\"has-ast-global-color-6-color has-text-color\"><strong>Widerspruch Werbe-Mails<\/strong><br>Der Nutzung von im Rahmen der Impressumspflicht ver\u00f6ffentlichten Kontaktdaten zur \u00dcbersendung von nicht ausdr\u00fccklich angeforderter Werbung und Informationsmaterialien wird hiermit widersprochen. Die Betreiber der Seiten behalten sich ausdr\u00fccklich rechtliche Schritte im Falle der unverlangten Zusendung von Werbeinformationen, etwa durch Spam-E-Mails, vor.<\/p>\n\n\n\n<p class=\"has-ast-global-color-6-color has-text-color\">\u00d6ffentliches Verarbeitungsverzeichnis Auskunft zum \u201eVerarbeitungsverzeichnis f\u00fcr Jedermann\u201c erteilen wir Ihnen gerne auf schriftliche Anfrage. Hierzu k\u00f6nnen Sie sich jederzeit unter der im Impressum angegebenen Adresse an uns wenden.<\/p>\n<\/div>\n<\/div>\n\n\n\n<div style=\"margin-top:var(--wp--preset--spacing--50);margin-bottom:var(--wp--preset--spacing--50);height:100px\" aria-hidden=\"true\" class=\"wp-block-spacer\"><\/div>\n\n\n\n<div class=\"wp-block-uagb-container uagb-block-420c5835 alignfull uagb-is-root-container\"><div class=\"uagb-container-inner-blocks-wrap\">\n<div class=\"wp-block-uagb-container uagb-block-ede69141\">\n<div class=\"wp-block-uagb-info-box uagb-block-7b82a436 uagb-infobox__content-wrap  uagb-infobox-icon-left uagb-infobox-left uagb-infobox-stacked-tablet uagb-infobox-image-valign-top\"><div class=\"uagb-ifb-icon-wrap\"><svg xmlns=\"https:\/\/www.w3.org\/2000\/svg\" viewBox=\"0 0 448 512\"><path d=\"M285.6 444.1C279.8 458.3 264.8 466.3 249.8 463.4C234.8 460.4 223.1 447.3 223.1 432V256H47.1C32.71 256 19.55 245.2 16.6 230.2C13.65 215.2 21.73 200.2 35.88 194.4L387.9 50.38C399.8 45.5 413.5 48.26 422.6 57.37C431.7 66.49 434.5 80.19 429.6 92.12L285.6 444.1z\"><\/path><\/svg><\/div><div class=\"uagb-ifb-content\"><div class=\"uagb-ifb-title-wrap\"><h6 class=\"uagb-ifb-title\">Addresse:<\/h6><\/div><p class=\"uagb-ifb-desc\">Kreuze 52<br>63505 Langenselbold<\/p><\/div><\/div>\n<\/div>\n\n\n\n<div class=\"wp-block-uagb-container uagb-block-fc1f644c\">\n<div class=\"wp-block-uagb-info-box uagb-block-af8e29ab uagb-infobox__content-wrap  uagb-infobox-icon-left uagb-infobox-left uagb-infobox-stacked-tablet uagb-infobox-image-valign-top\"><div class=\"uagb-ifb-icon-wrap\"><svg xmlns=\"https:\/\/www.w3.org\/2000\/svg\" viewBox=\"0 0 512 512\"><path d=\"M464 64C490.5 64 512 85.49 512 112C512 127.1 504.9 141.3 492.8 150.4L275.2 313.6C263.8 322.1 248.2 322.1 236.8 313.6L19.2 150.4C7.113 141.3 0 127.1 0 112C0 85.49 21.49 64 48 64H464zM217.6 339.2C240.4 356.3 271.6 356.3 294.4 339.2L512 176V384C512 419.3 483.3 448 448 448H64C28.65 448 0 419.3 0 384V176L217.6 339.2z\"><\/path><\/svg><\/div><div class=\"uagb-ifb-content\"><div class=\"uagb-ifb-title-wrap\"><h6 class=\"uagb-ifb-title\">Email:<\/h6><\/div><p class=\"uagb-ifb-desc\">info@giger-koepke.de<br><\/p><\/div><\/div>\n<\/div>\n<\/div><\/div>\n","protected":false},"excerpt":{"rendered":"","protected":false},"author":1,"featured_media":0,"parent":0,"menu_order":0,"comment_status":"closed","ping_status":"closed","template":"","meta":{"site-sidebar-layout":"no-sidebar","site-content-layout":"plain-container","ast-global-header-display":"","ast-main-header-display":"","ast-hfb-above-header-display":"","ast-hfb-below-header-display":"","ast-hfb-mobile-header-display":"","site-post-title":"disabled","ast-breadcrumbs-content":"","ast-featured-img":"disabled","footer-sml-layout":"","theme-transparent-header-meta":"enabled","adv-header-id-meta":"","stick-header-meta":"","header-above-stick-meta":"","header-main-stick-meta":"","header-below-stick-meta":""},"uagb_featured_image_src":{"full":false,"thumbnail":false,"medium":false,"medium_large":false,"large":false,"1536x1536":false,"2048x2048":false},"uagb_author_info":{"display_name":"74897654","author_link":"https:\/\/giger-koepke.de\/?author=1"},"uagb_comment_info":0,"uagb_excerpt":null,"_links":{"self":[{"href":"https:\/\/giger-koepke.de\/index.php?rest_route=\/wp\/v2\/pages\/1389"}],"collection":[{"href":"https:\/\/giger-koepke.de\/index.php?rest_route=\/wp\/v2\/pages"}],"about":[{"href":"https:\/\/giger-koepke.de\/index.php?rest_route=\/wp\/v2\/types\/page"}],"author":[{"embeddable":true,"href":"https:\/\/giger-koepke.de\/index.php?rest_route=\/wp\/v2\/users\/1"}],"replies":[{"embeddable":true,"href":"https:\/\/giger-koepke.de\/index.php?rest_route=%2Fwp%2Fv2%2Fcomments&post=1389"}],"version-history":[{"count":7,"href":"https:\/\/giger-koepke.de\/index.php?rest_route=\/wp\/v2\/pages\/1389\/revisions"}],"predecessor-version":[{"id":1599,"href":"https:\/\/giger-koepke.de\/index.php?rest_route=\/wp\/v2\/pages\/1389\/revisions\/1599"}],"wp:attachment":[{"href":"https:\/\/giger-koepke.de\/index.php?rest_route=%2Fwp%2Fv2%2Fmedia&parent=1389"}],"curies":[{"name":"wp","href":"https:\/\/api.w.org\/{rel}","templated":true}]}}